{"id":344,"date":"2025-02-13T16:06:36","date_gmt":"2025-02-13T15:06:36","guid":{"rendered":"http:\/\/liceum.pelplin.pl\/oferta\/?page_id=344"},"modified":"2025-02-27T13:39:36","modified_gmt":"2025-02-27T12:39:36","slug":"branzowa-szkola-i-stopnia","status":"publish","type":"page","link":"https:\/\/liceum.pelplin.pl\/oferta\/branzowa-szkola-i-stopnia\/","title":{"rendered":"Bran\u017cowa Szko\u0142a I Stopnia"},"content":{"rendered":"<div id=\"dslc-theme-content\"><div id=\"dslc-theme-content-inner\">\n<div class=\"wp-block-group has-text-color has-background\" style=\"background:linear-gradient(135deg,rgba(6,147,227,1) 39%,rgb(155,81,224) 100%);color:#0d1b2a\"><div class=\"wp-block-group__inner-container\">\n<p class=\"has-text-align-center has-white-color has-text-color\">Odkryj nowe mo\u017cliwo\u015bci i rozwijaj swoje zainteresowania w naszych <strong>klasach wielozawodowych<\/strong>, gdzie ka\u017cdy ucze\u0144 ma szans\u0119 eksplorowa\u0107 r\u00f3\u017cnorodne dziedziny i zdobywa\u0107 praktyczne umiej\u0119tno\u015bci. <\/p>\n\n\n\n<div class=\"wp-block-group\"><div class=\"wp-block-group__inner-container\">\n<p class=\"has-text-align-center has-white-color has-text-color\"><strong>Otw\u00f3rz drzwi do swojej przysz\u0142o\u015bci, wybierz sw\u00f3j zaw\u00f3d z bogatej listy i jeszcze dzi\u015b skontaktuj si\u0119 ze wsp\u00f3\u0142pracuj\u0105cymi z nami przedsi\u0119biorcami! <\/strong><\/p>\n<\/div><\/div>\n\n\n\n<p class=\"has-text-align-center has-white-color has-text-color\">Naukaw szkole trwa <strong>3 lata<\/strong> a warunkiem jej rozpocz\u0119cia jest podpisanie umowy w celu przygotowania zawodowego z wybranym pracodawc\u0105. <\/p>\n\n\n\n<p class=\"has-text-align-center has-white-color has-text-color\">Na naszej stronie internetowej znajduj\u0105 si\u0119 adres <strong>wsp\u00f3\u0142pracuj\u0105cych ze szko\u0142\u0105 pracodawc\u00f3w<\/strong>. <\/p>\n\n\n\n<div class=\"wp-block-group\"><div class=\"wp-block-group__inner-container\">\n<p class=\"has-text-align-center has-white-color has-text-color\"><strong>Wybieraj z listy zawod\u00f3w: <\/strong><br><\/p>\n<\/div><\/div>\n\n\n\n<figure class=\"wp-block-table is-style-regular\"><table><tbody><tr><td class=\"has-text-align-center\" data-align=\"center\">sprzedawca<\/td><td class=\"has-text-align-center\" data-align=\"center\">drukarz offsetowy<\/td><td class=\"has-text-align-center\" data-align=\"center\">drukarz fleksograficzny<\/td><td class=\"has-text-align-center\" data-align=\"center\">operator proces\u00f3w introligatorskich<\/td><\/tr><tr><td class=\"has-text-align-center\" data-align=\"center\">magazynier-logistyk<\/td><td class=\"has-text-align-center\" data-align=\"center\">blacharz samochodowy<\/td><td class=\"has-text-align-center\" data-align=\"center\">elektromechanik pojazd\u00f3w samochodowych<\/td><td class=\"has-text-align-center\" data-align=\"center\">mechanik pojazd\u00f3w samochodowych<\/td><\/tr><tr><td class=\"has-text-align-center\" data-align=\"center\">lakiernik samochodowy<\/td><td class=\"has-text-align-center\" data-align=\"center\">elektryk<\/td><td class=\"has-text-align-center\" data-align=\"center\">fryzjer<\/td><td class=\"has-text-align-center\" data-align=\"center\">kucharz<\/td><\/tr><tr><td class=\"has-text-align-center\" data-align=\"center\">monter sieci i instalacji sanitarnych<\/td><td class=\"has-text-align-center\" data-align=\"center\">stolarz<\/td><td class=\"has-text-align-center\" data-align=\"center\">\u015blusarz<\/td><td class=\"has-text-align-center\" data-align=\"center\">tapicer<\/td><\/tr><tr><td class=\"has-text-align-center\" data-align=\"center\">piekarz<\/td><td class=\"has-text-align-center\" data-align=\"center\">cukiernik<\/td><td class=\"has-text-align-center\" data-align=\"center\">cie\u015bla<\/td><td class=\"has-text-align-center\" data-align=\"center\">wiele, wiele wi\u0119cej<\/td><\/tr><\/tbody><\/table><\/figure>\n\n\n\n<figure class=\"wp-block-gallery columns-3 is-cropped\"><ul class=\"blocks-gallery-grid\"><li class=\"blocks-gallery-item\"><figure><img loading=\"lazy\" width=\"1024\" height=\"1024\" src=\"http:\/\/liceum.pelplin.pl\/oferta\/wp-content\/uploads\/2025\/02\/mechanik-1024x1024.png\" alt=\"\" data-id=\"361\" data-full-url=\"http:\/\/liceum.pelplin.pl\/oferta\/wp-content\/uploads\/2025\/02\/mechanik.png\" data-link=\"http:\/\/liceum.pelplin.pl\/oferta\/mechanik\/\" class=\"wp-image-361\" srcset=\"https:\/\/liceum.pelplin.pl\/oferta\/wp-content\/uploads\/2025\/02\/mechanik.png 1024w, https:\/\/liceum.pelplin.pl\/oferta\/wp-content\/uploads\/2025\/02\/mechanik-300x300.png 300w, https:\/\/liceum.pelplin.pl\/oferta\/wp-content\/uploads\/2025\/02\/mechanik-150x150.png 150w, https:\/\/liceum.pelplin.pl\/oferta\/wp-content\/uploads\/2025\/02\/mechanik-768x768.png 768w, https:\/\/liceum.pelplin.pl\/oferta\/wp-content\/uploads\/2025\/02\/mechanik-660x660.png 660w, https:\/\/liceum.pelplin.pl\/oferta\/wp-content\/uploads\/2025\/02\/mechanik-450x450.png 450w\" sizes=\"(max-width: 1024px) 100vw, 1024px\" \/><figcaption class=\"blocks-gallery-item__caption\">mechanik pojazd\u00f3w samochodowych<\/figcaption><\/figure><\/li><li class=\"blocks-gallery-item\"><figure><img loading=\"lazy\" width=\"1024\" height=\"1024\" src=\"http:\/\/liceum.pelplin.pl\/oferta\/wp-content\/uploads\/2025\/02\/fryzjer-1024x1024.png\" alt=\"\" data-id=\"360\" data-full-url=\"http:\/\/liceum.pelplin.pl\/oferta\/wp-content\/uploads\/2025\/02\/fryzjer.png\" data-link=\"http:\/\/liceum.pelplin.pl\/oferta\/fryzjer\/\" class=\"wp-image-360\" srcset=\"https:\/\/liceum.pelplin.pl\/oferta\/wp-content\/uploads\/2025\/02\/fryzjer.png 1024w, https:\/\/liceum.pelplin.pl\/oferta\/wp-content\/uploads\/2025\/02\/fryzjer-300x300.png 300w, https:\/\/liceum.pelplin.pl\/oferta\/wp-content\/uploads\/2025\/02\/fryzjer-150x150.png 150w, https:\/\/liceum.pelplin.pl\/oferta\/wp-content\/uploads\/2025\/02\/fryzjer-768x768.png 768w, https:\/\/liceum.pelplin.pl\/oferta\/wp-content\/uploads\/2025\/02\/fryzjer-660x660.png 660w, https:\/\/liceum.pelplin.pl\/oferta\/wp-content\/uploads\/2025\/02\/fryzjer-450x450.png 450w\" sizes=\"(max-width: 1024px) 100vw, 1024px\" \/><figcaption class=\"blocks-gallery-item__caption\">fryzjer<\/figcaption><\/figure><\/li><li class=\"blocks-gallery-item\"><figure><img loading=\"lazy\" width=\"1024\" height=\"1024\" src=\"http:\/\/liceum.pelplin.pl\/oferta\/wp-content\/uploads\/2025\/02\/piekarz-1024x1024.png\" alt=\"\" data-id=\"359\" data-full-url=\"http:\/\/liceum.pelplin.pl\/oferta\/wp-content\/uploads\/2025\/02\/piekarz.png\" data-link=\"http:\/\/liceum.pelplin.pl\/oferta\/piekarz\/\" class=\"wp-image-359\" srcset=\"https:\/\/liceum.pelplin.pl\/oferta\/wp-content\/uploads\/2025\/02\/piekarz.png 1024w, https:\/\/liceum.pelplin.pl\/oferta\/wp-content\/uploads\/2025\/02\/piekarz-300x300.png 300w, https:\/\/liceum.pelplin.pl\/oferta\/wp-content\/uploads\/2025\/02\/piekarz-150x150.png 150w, https:\/\/liceum.pelplin.pl\/oferta\/wp-content\/uploads\/2025\/02\/piekarz-768x768.png 768w, https:\/\/liceum.pelplin.pl\/oferta\/wp-content\/uploads\/2025\/02\/piekarz-660x660.png 660w, https:\/\/liceum.pelplin.pl\/oferta\/wp-content\/uploads\/2025\/02\/piekarz-450x450.png 450w\" sizes=\"(max-width: 1024px) 100vw, 1024px\" \/><figcaption class=\"blocks-gallery-item__caption\">piekarz<\/figcaption><\/figure><\/li><li class=\"blocks-gallery-item\"><figure><img loading=\"lazy\" width=\"1024\" height=\"1024\" src=\"http:\/\/liceum.pelplin.pl\/oferta\/wp-content\/uploads\/2025\/02\/sprzedawca-1024x1024.png\" alt=\"\" data-id=\"358\" data-full-url=\"http:\/\/liceum.pelplin.pl\/oferta\/wp-content\/uploads\/2025\/02\/sprzedawca.png\" data-link=\"http:\/\/liceum.pelplin.pl\/oferta\/sprzedawca\/\" class=\"wp-image-358\" srcset=\"https:\/\/liceum.pelplin.pl\/oferta\/wp-content\/uploads\/2025\/02\/sprzedawca.png 1024w, https:\/\/liceum.pelplin.pl\/oferta\/wp-content\/uploads\/2025\/02\/sprzedawca-300x300.png 300w, https:\/\/liceum.pelplin.pl\/oferta\/wp-content\/uploads\/2025\/02\/sprzedawca-150x150.png 150w, https:\/\/liceum.pelplin.pl\/oferta\/wp-content\/uploads\/2025\/02\/sprzedawca-768x768.png 768w, https:\/\/liceum.pelplin.pl\/oferta\/wp-content\/uploads\/2025\/02\/sprzedawca-660x660.png 660w, https:\/\/liceum.pelplin.pl\/oferta\/wp-content\/uploads\/2025\/02\/sprzedawca-450x450.png 450w\" sizes=\"(max-width: 1024px) 100vw, 1024px\" \/><figcaption class=\"blocks-gallery-item__caption\">sprzedawca<\/figcaption><\/figure><\/li><li class=\"blocks-gallery-item\"><figure><img loading=\"lazy\" width=\"1024\" height=\"1024\" src=\"http:\/\/liceum.pelplin.pl\/oferta\/wp-content\/uploads\/2025\/02\/elektryk-1024x1024.png\" alt=\"\" data-id=\"357\" data-full-url=\"http:\/\/liceum.pelplin.pl\/oferta\/wp-content\/uploads\/2025\/02\/elektryk.png\" data-link=\"http:\/\/liceum.pelplin.pl\/oferta\/elektryk\/\" class=\"wp-image-357\" srcset=\"https:\/\/liceum.pelplin.pl\/oferta\/wp-content\/uploads\/2025\/02\/elektryk.png 1024w, https:\/\/liceum.pelplin.pl\/oferta\/wp-content\/uploads\/2025\/02\/elektryk-300x300.png 300w, https:\/\/liceum.pelplin.pl\/oferta\/wp-content\/uploads\/2025\/02\/elektryk-150x150.png 150w, https:\/\/liceum.pelplin.pl\/oferta\/wp-content\/uploads\/2025\/02\/elektryk-768x768.png 768w, https:\/\/liceum.pelplin.pl\/oferta\/wp-content\/uploads\/2025\/02\/elektryk-660x660.png 660w, https:\/\/liceum.pelplin.pl\/oferta\/wp-content\/uploads\/2025\/02\/elektryk-450x450.png 450w\" sizes=\"(max-width: 1024px) 100vw, 1024px\" \/><figcaption class=\"blocks-gallery-item__caption\">elektryk<\/figcaption><\/figure><\/li><li class=\"blocks-gallery-item\"><figure><img loading=\"lazy\" width=\"1024\" height=\"1024\" src=\"http:\/\/liceum.pelplin.pl\/oferta\/wp-content\/uploads\/2025\/02\/drukarz-1024x1024.png\" alt=\"\" data-id=\"356\" data-full-url=\"http:\/\/liceum.pelplin.pl\/oferta\/wp-content\/uploads\/2025\/02\/drukarz.png\" data-link=\"http:\/\/liceum.pelplin.pl\/oferta\/drukarz\/\" class=\"wp-image-356\" srcset=\"https:\/\/liceum.pelplin.pl\/oferta\/wp-content\/uploads\/2025\/02\/drukarz.png 1024w, https:\/\/liceum.pelplin.pl\/oferta\/wp-content\/uploads\/2025\/02\/drukarz-300x300.png 300w, https:\/\/liceum.pelplin.pl\/oferta\/wp-content\/uploads\/2025\/02\/drukarz-150x150.png 150w, https:\/\/liceum.pelplin.pl\/oferta\/wp-content\/uploads\/2025\/02\/drukarz-768x768.png 768w, https:\/\/liceum.pelplin.pl\/oferta\/wp-content\/uploads\/2025\/02\/drukarz-660x660.png 660w, https:\/\/liceum.pelplin.pl\/oferta\/wp-content\/uploads\/2025\/02\/drukarz-450x450.png 450w\" sizes=\"(max-width: 1024px) 100vw, 1024px\" \/><figcaption class=\"blocks-gallery-item__caption\">drukarz offsetowy<\/figcaption><\/figure><\/li><li class=\"blocks-gallery-item\"><figure><img loading=\"lazy\" width=\"1024\" height=\"1024\" src=\"http:\/\/liceum.pelplin.pl\/oferta\/wp-content\/uploads\/2025\/02\/introligator-1024x1024.png\" alt=\"\" data-id=\"355\" data-full-url=\"http:\/\/liceum.pelplin.pl\/oferta\/wp-content\/uploads\/2025\/02\/introligator.png\" data-link=\"http:\/\/liceum.pelplin.pl\/oferta\/introligator\/\" class=\"wp-image-355\" srcset=\"https:\/\/liceum.pelplin.pl\/oferta\/wp-content\/uploads\/2025\/02\/introligator.png 1024w, https:\/\/liceum.pelplin.pl\/oferta\/wp-content\/uploads\/2025\/02\/introligator-300x300.png 300w, https:\/\/liceum.pelplin.pl\/oferta\/wp-content\/uploads\/2025\/02\/introligator-150x150.png 150w, https:\/\/liceum.pelplin.pl\/oferta\/wp-content\/uploads\/2025\/02\/introligator-768x768.png 768w, https:\/\/liceum.pelplin.pl\/oferta\/wp-content\/uploads\/2025\/02\/introligator-660x660.png 660w, https:\/\/liceum.pelplin.pl\/oferta\/wp-content\/uploads\/2025\/02\/introligator-450x450.png 450w\" sizes=\"(max-width: 1024px) 100vw, 1024px\" \/><figcaption class=\"blocks-gallery-item__caption\">operator proces\u00f3w introligatorskich<\/figcaption><\/figure><\/li><li class=\"blocks-gallery-item\"><figure><img loading=\"lazy\" width=\"1024\" height=\"1024\" src=\"http:\/\/liceum.pelplin.pl\/oferta\/wp-content\/uploads\/2025\/02\/stolarz-1024x1024.png\" alt=\"\" data-id=\"354\" data-full-url=\"http:\/\/liceum.pelplin.pl\/oferta\/wp-content\/uploads\/2025\/02\/stolarz.png\" data-link=\"http:\/\/liceum.pelplin.pl\/oferta\/stolarz\/\" class=\"wp-image-354\" srcset=\"https:\/\/liceum.pelplin.pl\/oferta\/wp-content\/uploads\/2025\/02\/stolarz.png 1024w, https:\/\/liceum.pelplin.pl\/oferta\/wp-content\/uploads\/2025\/02\/stolarz-300x300.png 300w, https:\/\/liceum.pelplin.pl\/oferta\/wp-content\/uploads\/2025\/02\/stolarz-150x150.png 150w, https:\/\/liceum.pelplin.pl\/oferta\/wp-content\/uploads\/2025\/02\/stolarz-768x768.png 768w, https:\/\/liceum.pelplin.pl\/oferta\/wp-content\/uploads\/2025\/02\/stolarz-660x660.png 660w, https:\/\/liceum.pelplin.pl\/oferta\/wp-content\/uploads\/2025\/02\/stolarz-450x450.png 450w\" sizes=\"(max-width: 1024px) 100vw, 1024px\" \/><figcaption class=\"blocks-gallery-item__caption\">stolarz<\/figcaption><\/figure><\/li><li class=\"blocks-gallery-item\"><figure><img loading=\"lazy\" width=\"1024\" height=\"1024\" src=\"http:\/\/liceum.pelplin.pl\/oferta\/wp-content\/uploads\/2025\/02\/s\u0301lusarz-1024x1024.png\" alt=\"\" data-id=\"353\" data-full-url=\"http:\/\/liceum.pelplin.pl\/oferta\/wp-content\/uploads\/2025\/02\/s\u0301lusarz.png\" data-link=\"http:\/\/liceum.pelplin.pl\/oferta\/slusarz\/\" class=\"wp-image-353\" srcset=\"https:\/\/liceum.pelplin.pl\/oferta\/wp-content\/uploads\/2025\/02\/s\u0301lusarz.png 1024w, https:\/\/liceum.pelplin.pl\/oferta\/wp-content\/uploads\/2025\/02\/s\u0301lusarz-300x300.png 300w, https:\/\/liceum.pelplin.pl\/oferta\/wp-content\/uploads\/2025\/02\/s\u0301lusarz-150x150.png 150w, https:\/\/liceum.pelplin.pl\/oferta\/wp-content\/uploads\/2025\/02\/s\u0301lusarz-768x768.png 768w, https:\/\/liceum.pelplin.pl\/oferta\/wp-content\/uploads\/2025\/02\/s\u0301lusarz-660x660.png 660w, https:\/\/liceum.pelplin.pl\/oferta\/wp-content\/uploads\/2025\/02\/s\u0301lusarz-450x450.png 450w\" sizes=\"(max-width: 1024px) 100vw, 1024px\" \/><figcaption class=\"blocks-gallery-item__caption\">\u015blusarz \/ monter sieci i instalacji sanitarnych<\/figcaption><\/figure><\/li><li class=\"blocks-gallery-item\"><figure><img loading=\"lazy\" width=\"1024\" height=\"1024\" src=\"http:\/\/liceum.pelplin.pl\/oferta\/wp-content\/uploads\/2025\/02\/kucharz-1024x1024.png\" alt=\"\" data-id=\"352\" data-full-url=\"http:\/\/liceum.pelplin.pl\/oferta\/wp-content\/uploads\/2025\/02\/kucharz.png\" data-link=\"http:\/\/liceum.pelplin.pl\/oferta\/kucharz\/\" class=\"wp-image-352\" srcset=\"https:\/\/liceum.pelplin.pl\/oferta\/wp-content\/uploads\/2025\/02\/kucharz.png 1024w, https:\/\/liceum.pelplin.pl\/oferta\/wp-content\/uploads\/2025\/02\/kucharz-300x300.png 300w, https:\/\/liceum.pelplin.pl\/oferta\/wp-content\/uploads\/2025\/02\/kucharz-150x150.png 150w, https:\/\/liceum.pelplin.pl\/oferta\/wp-content\/uploads\/2025\/02\/kucharz-768x768.png 768w, https:\/\/liceum.pelplin.pl\/oferta\/wp-content\/uploads\/2025\/02\/kucharz-660x660.png 660w, https:\/\/liceum.pelplin.pl\/oferta\/wp-content\/uploads\/2025\/02\/kucharz-450x450.png 450w\" sizes=\"(max-width: 1024px) 100vw, 1024px\" \/><figcaption class=\"blocks-gallery-item__caption\">kucharz<\/figcaption><\/figure><\/li><\/ul><\/figure>\n<\/div><\/div>\n<\/div><\/div>","protected":false},"excerpt":{"rendered":"","protected":false},"author":3,"featured_media":0,"parent":0,"menu_order":0,"comment_status":"closed","ping_status":"closed","template":"","meta":[],"_links":{"self":[{"href":"https:\/\/liceum.pelplin.pl\/oferta\/wp-json\/wp\/v2\/pages\/344"}],"collection":[{"href":"https:\/\/liceum.pelplin.pl\/oferta\/wp-json\/wp\/v2\/pages"}],"about":[{"href":"https:\/\/liceum.pelplin.pl\/oferta\/wp-json\/wp\/v2\/types\/page"}],"author":[{"embeddable":true,"href":"https:\/\/liceum.pelplin.pl\/oferta\/wp-json\/wp\/v2\/users\/3"}],"replies":[{"embeddable":true,"href":"https:\/\/liceum.pelplin.pl\/oferta\/wp-json\/wp\/v2\/comments?post=344"}],"version-history":[{"count":8,"href":"https:\/\/liceum.pelplin.pl\/oferta\/wp-json\/wp\/v2\/pages\/344\/revisions"}],"predecessor-version":[{"id":373,"href":"https:\/\/liceum.pelplin.pl\/oferta\/wp-json\/wp\/v2\/pages\/344\/revisions\/373"}],"wp:attachment":[{"href":"https:\/\/liceum.pelplin.pl\/oferta\/wp-json\/wp\/v2\/media?parent=344"}],"curies":[{"name":"wp","href":"https:\/\/api.w.org\/{rel}","templated":true}]}}