{"id":85,"date":"2021-02-23T10:26:49","date_gmt":"2021-02-23T09:26:49","guid":{"rendered":"http:\/\/liceum.pelplin.pl\/oferta\/?page_id=85"},"modified":"2026-04-29T11:36:40","modified_gmt":"2026-04-29T09:36:40","slug":"statystyki","status":"publish","type":"page","link":"https:\/\/liceum.pelplin.pl\/oferta\/statystyki\/","title":{"rendered":"Statystyki przyj\u0119\u0107"},"content":{"rendered":"<div id=\"dslc-theme-content\"><div id=\"dslc-theme-content-inner\">\n<p>Nab\u00f3r 2025\/2026<br>Liceum Og\u00f3lnokszta\u0142c\u0105ce: Liczba ch\u0119tnych: 74 os\u00f3b, przyj\u0119to 30 os\u00f3b, minimalny wynik punktowy uprawniaj\u0105cy do przyj\u0119cia 74 punkt\u00f3w.<\/p>\n\n\n\n<p>Nab\u00f3r do Bran\u017cowej Szko\u0142y I Stopnia odbywa si\u0119 w oparciu o podpisan\u0105 umow\u0119 o prac\u0119 w celu przygotowania zawodowego.<\/p>\n<\/div><\/div>","protected":false},"excerpt":{"rendered":"<p>Nab\u00f3r 2025\/2026Liceum Og\u00f3lnokszta\u0142c\u0105ce: Liczba ch\u0119tnych: 74 os\u00f3b, przyj\u0119to 30 os\u00f3b, minimalny wynik punktowy uprawniaj\u0105cy do przyj\u0119cia 74 punkt\u00f3w. Nab\u00f3r do Bran\u017cowej Szko\u0142y I Stopnia odbywa si\u0119 w oparciu o podpisan\u0105 [&hellip;]<\/p>\n","protected":false},"author":1,"featured_media":0,"parent":0,"menu_order":0,"comment_status":"closed","ping_status":"closed","template":"","meta":[],"_links":{"self":[{"href":"https:\/\/liceum.pelplin.pl\/oferta\/wp-json\/wp\/v2\/pages\/85"}],"collection":[{"href":"https:\/\/liceum.pelplin.pl\/oferta\/wp-json\/wp\/v2\/pages"}],"about":[{"href":"https:\/\/liceum.pelplin.pl\/oferta\/wp-json\/wp\/v2\/types\/page"}],"author":[{"embeddable":true,"href":"https:\/\/liceum.pelplin.pl\/oferta\/wp-json\/wp\/v2\/users\/1"}],"replies":[{"embeddable":true,"href":"https:\/\/liceum.pelplin.pl\/oferta\/wp-json\/wp\/v2\/comments?post=85"}],"version-history":[{"count":6,"href":"https:\/\/liceum.pelplin.pl\/oferta\/wp-json\/wp\/v2\/pages\/85\/revisions"}],"predecessor-version":[{"id":386,"href":"https:\/\/liceum.pelplin.pl\/oferta\/wp-json\/wp\/v2\/pages\/85\/revisions\/386"}],"wp:attachment":[{"href":"https:\/\/liceum.pelplin.pl\/oferta\/wp-json\/wp\/v2\/media?parent=85"}],"curies":[{"name":"wp","href":"https:\/\/api.w.org\/{rel}","templated":true}]}}