{"id":87,"date":"2021-02-23T10:32:02","date_gmt":"2021-02-23T09:32:02","guid":{"rendered":"http:\/\/liceum.pelplin.pl\/oferta\/?page_id=87"},"modified":"2026-04-29T11:41:44","modified_gmt":"2026-04-29T09:41:44","slug":"terminy-rekrutacji","status":"publish","type":"page","link":"https:\/\/liceum.pelplin.pl\/oferta\/terminy-rekrutacji\/","title":{"rendered":"Terminy rekrutacji"},"content":{"rendered":"<div id=\"dslc-theme-content\"><div id=\"dslc-theme-content-inner\">\n<p><em>Terminy rekrutacji dotycz\u0105 naboru do Liceum Og\u00f3lnokszta\u0142c\u0105cego, nab\u00f3r do Bran\u017cowej Szko\u0142y I stopnia odbywa si\u0119 na podstawie \u015bwiadectwa uko\u0144czenia szko\u0142y podstawowej oraz umowy o prac\u0119 zawart\u0105 z m\u0142odocianym pracownikiem w celu przygotowania zawodowego &#8211; powy\u017csze dokumenty nale\u017cy dostarczy\u0107 do sekretariatu szko\u0142y. O przyj\u0119ciu do klas decyduje kolejno\u015b\u0107 zg\u0142osze\u0144.<\/em><\/p>\n\n\n\n<p><strong>od 15 maja 2026 r. do 29 maja 2026 r. do godz. 15.00<\/strong><\/p>\n\n\n\n<ul><li>sk\u0142adanie wniosk\u00f3w o przyj\u0119cie do <strong>ODDZIA\u0141U PRZYGOTOWANIA WOJSKOWEGO<\/strong> wraz z dokumentami potwierdzaj\u0105cymi spe\u0142nienie przez kandydata warunk\u00f3w lub kryteri\u00f3w branych pod uwag\u0119 w post\u0119powaniu rekrutacyjnym za po\u015brednictwem strony&nbsp;<a href=\"https:\/\/nabor.pcss.pl\/powiattczewski\/szkolaponadpodstawowa\"><strong>https:\/\/<\/strong>nabor.pcss\/powiattczewski\/szkolaponadpodstawowa<\/a><strong>, &nbsp; <\/strong>oraz w sekretariacie szko\u0142y<\/li><\/ul>\n\n\n\n<p><strong>1 czerwca &#8211; 11 czerwca 2026 r.<\/strong><\/p>\n\n\n\n<ul><li>przeprowadzenie pr\u00f3b sprawno\u015bci fizycznej (ka\u017cdemu kandydatowi zostanie przydzielony termin w toku post\u0119powania rekrutacyjnego)<\/li><\/ul>\n\n\n\n<p>do <strong>12 czerwca 202<\/strong>6 r.<\/p>\n\n\n\n<ul><li>podanie wynik\u00f3w pr\u00f3b sprawno\u015bci fizycznej przeprowadzonych w I terminie<\/li><\/ul>\n\n\n\n<p><strong>od 29 czerwca do 2 lipca 2026 r.<\/strong><\/p>\n\n\n\n<ul><li>II termin przeprowadzenia pr\u00f3b sprawno\u015bci fizycznej dla os\u00f3b, kt\u00f3re z r\u00f3\u017cnych przyczyn nie mog\u0142y wzi\u0105\u0107 udzia\u0142u w I terminie.<\/li><\/ul>\n\n\n\n<p><strong>do<\/strong> <strong>3 lipca 2026 r.<\/strong><\/p>\n\n\n\n<p>podanie wynik\u00f3w pr\u00f3b sprawno\u015bci fizycznej przeprowadzonych w II terminie<\/p>\n\n\n\n<p><strong>\u00a0od 3 do 8 lipca 2026 r. do godz. 15.00<\/strong><\/p>\n\n\n\n<ul><li>dostarczenie kopii lub orygina\u0142u \u015bwiadectwa uko\u0144czenia szko\u0142y podstawowej &nbsp;oraz za\u015bwiadczenia o wyniku egzaminu \u00f3smoklasisty<\/li><\/ul>\n\n\n\n<p><strong>do 8\u00a0lipca\u00a02026\u00a0roku\u00a0<\/strong><\/p>\n\n\n\n<ul><li>&nbsp;weryfikacja przez komisj\u0119 rekrutacyjn\u0105 wniosk\u00f3w o przyj\u0119cie do klasy pierwszej i dokument\u00f3w potwierdzaj\u0105cych spe\u0142nienie przez kandydata warunk\u00f3w oraz kryteri\u00f3w branych pod uwag\u0119 w post\u0119powaniu rekrutacyjnym&nbsp;<\/li><\/ul>\n\n\n\n<p><strong>\u00a015 lipca 2026\u00a0roku\u00a0<\/strong><\/p>\n\n\n\n<ul><li>&nbsp;podanie do publicznej wiadomo\u015bci przez komisj\u0119 rekrutacyjn\u0105 list kandydat\u00f3w zakwalifikowanych i&nbsp;kandydat\u00f3w niezakwalifikowanych<\/li><\/ul>\n\n\n\n<p><strong>do 16 lipca 2026 roku<\/strong><\/p>\n\n\n\n<ul><li>&nbsp;wydanie przez szko\u0142\u0119 skierowa\u0144 na badania lekarskie <\/li><\/ul>\n\n\n\n<p><strong>do 20 lipca 2026 roku do\u00a0godz. 15.00<\/strong><\/p>\n\n\n\n<ul><li>&nbsp;przed\u0142o\u017cenie przez kandydata&nbsp;<strong>orygina\u0142u<\/strong>&nbsp;\u015bwiadectwa uko\u0144czenia szko\u0142y podstawowej i&nbsp;<strong>orygina\u0142u&nbsp;<\/strong>za\u015bwiadczenia o wynikach egzaminu \u00f3smoklasisty,&nbsp;o ile nie zosta\u0142y one z\u0142o\u017cone wcze\u015bniej &#8211; potwierdzenie woli przyj\u0119cia<\/li><\/ul>\n\n\n\n<p>\u00a0<strong>21 lipca 2026 roku \u00a0do godz. 14.00<\/strong><\/p>\n\n\n\n<ul><li>&nbsp;podanie do publicznej wiadomo\u015bci przez komisj\u0119 rekrutacyjn\u0105 list kandydat\u00f3w przyj\u0119tych i&nbsp;kandydat\u00f3w nieprzyj\u0119tych<\/li><\/ul>\n<\/div><\/div>","protected":false},"excerpt":{"rendered":"<p>Terminy rekrutacji dotycz\u0105 naboru do Liceum Og\u00f3lnokszta\u0142c\u0105cego, nab\u00f3r do Bran\u017cowej Szko\u0142y I stopnia odbywa si\u0119 na podstawie \u015bwiadectwa uko\u0144czenia szko\u0142y podstawowej oraz umowy o prac\u0119 zawart\u0105 z m\u0142odocianym pracownikiem w [&hellip;]<\/p>\n","protected":false},"author":1,"featured_media":0,"parent":0,"menu_order":0,"comment_status":"closed","ping_status":"closed","template":"","meta":[],"_links":{"self":[{"href":"https:\/\/liceum.pelplin.pl\/oferta\/wp-json\/wp\/v2\/pages\/87"}],"collection":[{"href":"https:\/\/liceum.pelplin.pl\/oferta\/wp-json\/wp\/v2\/pages"}],"about":[{"href":"https:\/\/liceum.pelplin.pl\/oferta\/wp-json\/wp\/v2\/types\/page"}],"author":[{"embeddable":true,"href":"https:\/\/liceum.pelplin.pl\/oferta\/wp-json\/wp\/v2\/users\/1"}],"replies":[{"embeddable":true,"href":"https:\/\/liceum.pelplin.pl\/oferta\/wp-json\/wp\/v2\/comments?post=87"}],"version-history":[{"count":8,"href":"https:\/\/liceum.pelplin.pl\/oferta\/wp-json\/wp\/v2\/pages\/87\/revisions"}],"predecessor-version":[{"id":388,"href":"https:\/\/liceum.pelplin.pl\/oferta\/wp-json\/wp\/v2\/pages\/87\/revisions\/388"}],"wp:attachment":[{"href":"https:\/\/liceum.pelplin.pl\/oferta\/wp-json\/wp\/v2\/media?parent=87"}],"curies":[{"name":"wp","href":"https:\/\/api.w.org\/{rel}","templated":true}]}}