{"id":89,"date":"2021-02-23T10:33:18","date_gmt":"2021-02-23T09:33:18","guid":{"rendered":"http:\/\/liceum.pelplin.pl\/oferta\/?page_id=89"},"modified":"2022-05-06T11:02:49","modified_gmt":"2022-05-06T09:02:49","slug":"przedmioty-punktowane","status":"publish","type":"page","link":"https:\/\/liceum.pelplin.pl\/oferta\/przedmioty-punktowane\/","title":{"rendered":"Przedmioty punktowane"},"content":{"rendered":"<div id=\"dslc-theme-content\"><div id=\"dslc-theme-content-inner\">\n<p>O przyj\u0119ciu kandydata do klasy pierwszej Liceum Og\u00f3lnokszta\u0142c\u0105cego &#8211; Oddzia\u0142u Przygotowania Wojskowego oraz Oddzia\u0142u S\u0142u\u017cb Mundurowych decyduje suma punkt\u00f3w mo\u017cliwych do uzyskania w procesie rekrutacyjnym \u2013 maksymalnie 200, w tym:<\/p>\n\n\n\n<p>1) 100 punkt\u00f3w &#8211; punkty uzyskane w wyniku egzaminu \u00f3smoklasisty zawarte w za\u015bwiadczeniu o szczeg\u00f3\u0142owych wynikach egzaminu wyra\u017cone w skali procentowej dla zada\u0144 z zakresu: j\u0119zyk polski, matematyka, j\u0119zyk obcy nowo\u017cytny na poziomie podstawowym, przelicza si\u0119 na punkty wed\u0142ug zasady: wynik procentowy z j\u0119zyka polskiego, matematyki mno\u017cony przez 0,35 pkt., natomiast wynik procentowy z j\u0119zyka obcego nowo\u017cytnego na poziomie podstawowym mno\u017cony przez 0,3 pkt.<br><br>2) Pochodz\u0105cych z przeliczenia ocen uzyskanych na \u015bwiadectwie uko\u0144czenia szko\u0142y podstawowej z czterech przedmiot\u00f3w (maksymalnie mo\u017cna uzyska\u0107 72 punkty). Pod uwag\u0119 brane s\u0105 przedmioty:<br>a) j\u0119zyk polski;<br>b) matematyka;<br>c) j\u0119zyk angielski;<br>d) geografia<\/p>\n<\/div><\/div>","protected":false},"excerpt":{"rendered":"<p>O przyj\u0119ciu kandydata do klasy pierwszej Liceum Og\u00f3lnokszta\u0142c\u0105cego &#8211; Oddzia\u0142u Przygotowania Wojskowego oraz Oddzia\u0142u S\u0142u\u017cb Mundurowych decyduje suma punkt\u00f3w mo\u017cliwych do uzyskania w procesie rekrutacyjnym \u2013 maksymalnie 200, w tym: [&hellip;]<\/p>\n","protected":false},"author":1,"featured_media":0,"parent":0,"menu_order":0,"comment_status":"closed","ping_status":"closed","template":"","meta":[],"_links":{"self":[{"href":"https:\/\/liceum.pelplin.pl\/oferta\/wp-json\/wp\/v2\/pages\/89"}],"collection":[{"href":"https:\/\/liceum.pelplin.pl\/oferta\/wp-json\/wp\/v2\/pages"}],"about":[{"href":"https:\/\/liceum.pelplin.pl\/oferta\/wp-json\/wp\/v2\/types\/page"}],"author":[{"embeddable":true,"href":"https:\/\/liceum.pelplin.pl\/oferta\/wp-json\/wp\/v2\/users\/1"}],"replies":[{"embeddable":true,"href":"https:\/\/liceum.pelplin.pl\/oferta\/wp-json\/wp\/v2\/comments?post=89"}],"version-history":[{"count":3,"href":"https:\/\/liceum.pelplin.pl\/oferta\/wp-json\/wp\/v2\/pages\/89\/revisions"}],"predecessor-version":[{"id":296,"href":"https:\/\/liceum.pelplin.pl\/oferta\/wp-json\/wp\/v2\/pages\/89\/revisions\/296"}],"wp:attachment":[{"href":"https:\/\/liceum.pelplin.pl\/oferta\/wp-json\/wp\/v2\/media?parent=89"}],"curies":[{"name":"wp","href":"https:\/\/api.w.org\/{rel}","templated":true}]}}